{"id":21385,"date":"2016-03-22T15:24:48","date_gmt":"2016-03-22T14:24:48","guid":{"rendered":"https:\/\/www.studiobonon.it\/wedding-photography-tuscany-contact-us\/"},"modified":"2018-04-26T11:08:39","modified_gmt":"2018-04-26T09:08:39","slug":"contatti","status":"publish","type":"page","link":"https:\/\/www.studiobonon.it\/it\/contatti\/","title":{"rendered":"Contatti"},"content":{"rendered":"<p>&nbsp;<\/p>\n<h2 class=\"contact-title\" style=\"text-align: center;\">Siamo entusiasti di poter rimanere in contatto con voi!<\/h2>\n<p class=\"form-entry\" style=\"text-align: center;\">Grazie per l&#8217;opportunit\u00e0 di poter essere i fotografi del vostro evento. Compilate il form sottostante cercando di includere quante pi\u00f9 informazioni possibili in modo da poterci aiutare ad organizzare un&#8217;offerta quanto pi\u00f9 precisa rispetto alle vostre necessit\u00e0. Consigliamo inoltre di includere un recapito telefonico.<\/p>\n<style type=\"text\/css\" id=\"gmpMapStyles_1_71728\">\r\n\t#google_map_easy_1_71728 {\r\n        width: 100%;\r\n        height: 400px;\r\n\t\t\t\t\t\t    }\r\n\t#gmapControlsNum_1_71728 {\r\n\t\twidth:100%\t}\r\n\t.gmpMapDetailsContainer#gmpMapDetailsContainer_1_71728 {\r\n\t\theight:400px;\r\n\t}\r\n\t.gmp_MapPreview#google_map_easy_1_71728 {\r\n\t\t\/*position:absolute;*\/\r\n\t\twidth: 100%;\r\n\t}\r\n\t#mapConElem_1_71728{\r\n\t\twidth: 100%\t}\r\n    .gm-style .gm-style-iw-c{\r\n        padding: 12px!important;\r\n    }\r\n\t    <\/style>\r\n <div class=\"gmp_map_opts\" id=\"mapConElem_1_71728\" data-id=\"1\" data-view-id=\"1_71728\" > <div class=\"gmpMapDetailsContainer\" id=\"gmpMapDetailsContainer_1_71728\"> <i class=\"gmpKMLLayersPreloader fa fa-spinner fa-spin\" aria-hidden=\"true\" style=\"display: none;\"><\/i> <div class=\"gmp_MapPreview \" id=\"google_map_easy_1_71728\"><\/div> <\/div> <div class=\"gmpMapMarkerFilters\" id=\"gmpMapMarkerFilters_1_71728\"> <\/div> <div class=\"gmpMapProControlsCon\" id=\"gmpMapProControlsCon_1_71728\"> <a title=\"WP Google Maps\" style=\"display:none;\" href=\"https:\/\/supsystic.com\/plugins\/google-maps-plugin\/?utm_medium=love_link_hide\" target=\"_blank\">WP Google Maps<\/a><div style=\"clear: both;\"><\/div> <\/div> <div class=\"gmpMapProDirectionsCon\" id=\"gmpMapProDirectionsCon_1_71728\" > <\/div> <div class=\"gmpMapProKmlFilterCon\" id=\"gmpMapProKmlFilterCon_1_71728\" > <\/div> <div class=\"gmpSocialSharingShell gmpSocialSharingShell_1_71728\"> <\/div> <div style=\"clear: both;\"><\/div> <\/div> \n<p>&nbsp;<br \/>\n[ninja_forms id=9]<\/p>\n","protected":false},"excerpt":{"rendered":"<p>&nbsp; Siamo entusiasti di poter rimanere in contatto con voi! Grazie per l&#8217;opportunit\u00e0 di poter essere i fotografi del vostro evento. Compilate il form sottostante cercando di includere quante pi\u00f9 informazioni possibili in modo da poterci aiutare ad organizzare un&#8217;offerta quanto pi\u00f9 precisa rispetto alle vostre necessit\u00e0. Consigliamo inoltre di includere un recapito telefonico. &nbsp; [&hellip;]<\/p>\n","protected":false},"author":44,"featured_media":0,"parent":0,"menu_order":0,"comment_status":"closed","ping_status":"closed","template":"","meta":{"jetpack_post_was_ever_published":false,"footnotes":""},"class_list":["post-21385","page","type-page","status-publish"],"yoast_head":"<!-- This site is optimized with the Yoast SEO plugin v23.6 - https:\/\/yoast.com\/wordpress\/plugins\/seo\/ -->\n<title>Contact Us for Wedding Photography in Tuscany, Florence<\/title>\n<meta name=\"description\" content=\"Contact page for Italian Wedding Photographers in Tuscany by Studio Bonon Photography. Creative and modern wedding photography in Italy.\" \/>\n<meta name=\"robots\" content=\"index, follow, max-snippet:-1, max-image-preview:large, max-video-preview:-1\" \/>\n<link rel=\"canonical\" href=\"https:\/\/www.studiobonon.it\/it\/contatti\/\" \/>\n<meta property=\"og:locale\" content=\"it_IT\" \/>\n<meta property=\"og:type\" content=\"article\" \/>\n<meta property=\"og:title\" content=\"Contact Us for Wedding Photography in Tuscany, Florence\" \/>\n<meta property=\"og:description\" content=\"Contact page for Italian Wedding Photographers in Tuscany by Studio Bonon Photography. Creative and modern wedding photography in Italy.\" \/>\n<meta property=\"og:url\" content=\"https:\/\/www.studiobonon.it\/it\/contatti\/\" \/>\n<meta property=\"og:site_name\" content=\"Fotografi Professionisti di Matrimonio in Italia Toscana Firenze e Siena | Fotografia per Fidanzamenti, Famiglie e Ritratti\" \/>\n<meta property=\"article:publisher\" content=\"https:\/\/www.facebook.com\/studiobononphotography\" \/>\n<meta property=\"article:modified_time\" content=\"2018-04-26T09:08:39+00:00\" \/>\n<script type=\"application\/ld+json\" class=\"yoast-schema-graph\">{\"@context\":\"https:\/\/schema.org\",\"@graph\":[{\"@type\":\"WebPage\",\"@id\":\"https:\/\/www.studiobonon.it\/it\/contatti\/\",\"url\":\"https:\/\/www.studiobonon.it\/it\/contatti\/\",\"name\":\"Contact Us for Wedding Photography in Tuscany, Florence\",\"isPartOf\":{\"@id\":\"https:\/\/www.studiobonon.it\/#website\"},\"datePublished\":\"2016-03-22T14:24:48+00:00\",\"dateModified\":\"2018-04-26T09:08:39+00:00\",\"description\":\"Contact page for Italian Wedding Photographers in Tuscany by Studio Bonon Photography. Creative and modern wedding photography in Italy.\",\"breadcrumb\":{\"@id\":\"https:\/\/www.studiobonon.it\/it\/contatti\/#breadcrumb\"},\"inLanguage\":\"it-IT\",\"potentialAction\":[{\"@type\":\"ReadAction\",\"target\":[\"https:\/\/www.studiobonon.it\/it\/contatti\/\"]}]},{\"@type\":\"BreadcrumbList\",\"@id\":\"https:\/\/www.studiobonon.it\/it\/contatti\/#breadcrumb\",\"itemListElement\":[{\"@type\":\"ListItem\",\"position\":1,\"name\":\"Home\",\"item\":\"https:\/\/www.studiobonon.it\/it\/\"},{\"@type\":\"ListItem\",\"position\":2,\"name\":\"Contatti\"}]},{\"@type\":\"WebSite\",\"@id\":\"https:\/\/www.studiobonon.it\/#website\",\"url\":\"https:\/\/www.studiobonon.it\/\",\"name\":\"Fotografi Professionisti di Matrimonio in Italia Toscana Firenze e Siena | Fotografia per Fidanzamenti, Famiglie e Ritratti\",\"description\":\"Fotografi di Matrimoni Italia Toscana Firenze Siena\",\"potentialAction\":[{\"@type\":\"SearchAction\",\"target\":{\"@type\":\"EntryPoint\",\"urlTemplate\":\"https:\/\/www.studiobonon.it\/?s={search_term_string}\"},\"query-input\":{\"@type\":\"PropertyValueSpecification\",\"valueRequired\":true,\"valueName\":\"search_term_string\"}}],\"inLanguage\":\"it-IT\"}]}<\/script>\n<!-- \/ Yoast SEO plugin. -->","yoast_head_json":{"title":"Contact Us for Wedding Photography in Tuscany, Florence","description":"Contact page for Italian Wedding Photographers in Tuscany by Studio Bonon Photography. Creative and modern wedding photography in Italy.","robots":{"index":"index","follow":"follow","max-snippet":"max-snippet:-1","max-image-preview":"max-image-preview:large","max-video-preview":"max-video-preview:-1"},"canonical":"https:\/\/www.studiobonon.it\/it\/contatti\/","og_locale":"it_IT","og_type":"article","og_title":"Contact Us for Wedding Photography in Tuscany, Florence","og_description":"Contact page for Italian Wedding Photographers in Tuscany by Studio Bonon Photography. Creative and modern wedding photography in Italy.","og_url":"https:\/\/www.studiobonon.it\/it\/contatti\/","og_site_name":"Fotografi Professionisti di Matrimonio in Italia Toscana Firenze e Siena | Fotografia per Fidanzamenti, Famiglie e Ritratti","article_publisher":"https:\/\/www.facebook.com\/studiobononphotography","article_modified_time":"2018-04-26T09:08:39+00:00","schema":{"@context":"https:\/\/schema.org","@graph":[{"@type":"WebPage","@id":"https:\/\/www.studiobonon.it\/it\/contatti\/","url":"https:\/\/www.studiobonon.it\/it\/contatti\/","name":"Contact Us for Wedding Photography in Tuscany, Florence","isPartOf":{"@id":"https:\/\/www.studiobonon.it\/#website"},"datePublished":"2016-03-22T14:24:48+00:00","dateModified":"2018-04-26T09:08:39+00:00","description":"Contact page for Italian Wedding Photographers in Tuscany by Studio Bonon Photography. Creative and modern wedding photography in Italy.","breadcrumb":{"@id":"https:\/\/www.studiobonon.it\/it\/contatti\/#breadcrumb"},"inLanguage":"it-IT","potentialAction":[{"@type":"ReadAction","target":["https:\/\/www.studiobonon.it\/it\/contatti\/"]}]},{"@type":"BreadcrumbList","@id":"https:\/\/www.studiobonon.it\/it\/contatti\/#breadcrumb","itemListElement":[{"@type":"ListItem","position":1,"name":"Home","item":"https:\/\/www.studiobonon.it\/it\/"},{"@type":"ListItem","position":2,"name":"Contatti"}]},{"@type":"WebSite","@id":"https:\/\/www.studiobonon.it\/#website","url":"https:\/\/www.studiobonon.it\/","name":"Fotografi Professionisti di Matrimonio in Italia Toscana Firenze e Siena | Fotografia per Fidanzamenti, Famiglie e Ritratti","description":"Fotografi di Matrimoni Italia Toscana Firenze Siena","potentialAction":[{"@type":"SearchAction","target":{"@type":"EntryPoint","urlTemplate":"https:\/\/www.studiobonon.it\/?s={search_term_string}"},"query-input":{"@type":"PropertyValueSpecification","valueRequired":true,"valueName":"search_term_string"}}],"inLanguage":"it-IT"}]}},"jetpack_sharing_enabled":false,"_links":{"self":[{"href":"https:\/\/www.studiobonon.it\/it\/wp-json\/wp\/v2\/pages\/21385"}],"collection":[{"href":"https:\/\/www.studiobonon.it\/it\/wp-json\/wp\/v2\/pages"}],"about":[{"href":"https:\/\/www.studiobonon.it\/it\/wp-json\/wp\/v2\/types\/page"}],"author":[{"embeddable":true,"href":"https:\/\/www.studiobonon.it\/it\/wp-json\/wp\/v2\/users\/44"}],"replies":[{"embeddable":true,"href":"https:\/\/www.studiobonon.it\/it\/wp-json\/wp\/v2\/comments?post=21385"}],"version-history":[{"count":0,"href":"https:\/\/www.studiobonon.it\/it\/wp-json\/wp\/v2\/pages\/21385\/revisions"}],"wp:attachment":[{"href":"https:\/\/www.studiobonon.it\/it\/wp-json\/wp\/v2\/media?parent=21385"}],"curies":[{"name":"wp","href":"https:\/\/api.w.org\/{rel}","templated":true}]}}